{"id":1120,"date":"2018-03-26T21:32:30","date_gmt":"2018-03-26T19:32:30","guid":{"rendered":"http:\/\/uilg.be\/blog\/?page_id=1120"},"modified":"2021-03-14T09:50:09","modified_gmt":"2021-03-14T08:50:09","slug":"titre-et-grade-dingenieur-industriel","status":"publish","type":"page","link":"http:\/\/uilg.be\/blog\/uilg-diplomes-de-lisil-hepl-alumni\/titre-et-grade-dingenieur-industriel\/","title":{"rendered":"Titre et grade d&rsquo;ing\u00e9nieur industriel"},"content":{"rendered":"<p>Tous les dipl\u00f4m\u00e9s ing\u00e9nieurs industriels b\u00e9n\u00e9ficient du grade acad\u00e9mique de\u00a0<i>master en sciences de l&rsquo;ing\u00e9nieur industriel<\/i>\u00a0et du titre professionnel d&rsquo;<i>ing\u00e9nieur industriel<\/i>\u00a0(<i>Ing.<\/i>).<\/p>\n<p>Leur formation s&rsquo;inscrit au niveau 7 du Cadre Francophone des Certifications (CFC), tir\u00e9 du <a href=\"https:\/\/ec.europa.eu\/ploteus\/sites\/eac-eqf\/files\/leaflet_fr.pdf\">Cadre Europ\u00e9en des Certifications (CEC).<\/a><\/p>\n<h1>Protection du titre professionnel d\u2019ing\u00e9nieur industriel.<\/h1>\n<p>Cette protection r\u00e9sulte de l\u2019article 1<sup>er<\/sup>, III, a), 10\u00b0, de la loi du 11 septembre 1933 sur la protection des titres de l\u2019enseignement sup\u00e9rieur, tel que modifi\u00e9 par l\u2019article 6, \u00a71<sup>er<\/sup> de la loi du 18 f\u00e9vrier 1977 concernant l\u2019organisation de l\u2019enseignement sup\u00e9rieur, qui dispose que\u00a0:<\/p>\n<blockquote><p>\u00ab\u00a0<em>Peuvent aussi porter le titre \u2026 de candidat ing\u00e9nieur industriel, d\u2019ing\u00e9nieur industriel, ceux qui ont obtenu le dipl\u00f4me de ces grades conform\u00e9ment \u00e0 la loi<\/em>\u00a0\u00bb.<\/p><\/blockquote>\n<p>L\u2019article 6 \u00a7 2 de la loi du 18 f\u00e9vrier 1977 pr\u00e9voit \u00e9galement que<\/p>\n<blockquote><p><em>\u00ab\u00a0l\u2019abr\u00e9viation \u00ab\u00a0Ing.\u00a0\u00bb pour le titre d\u2019ing\u00e9nieur industriel est r\u00e9serv\u00e9 aux personnes qui sont autoris\u00e9es \u00e0 porter le titre d\u2019ing\u00e9nieur industriel\u00a0<\/em>\u00bb.<\/p><\/blockquote>\n<h1>Signature des ing\u00e9nieurs industriels<\/h1>\n<p>Dans la vie professionnelle, il en r\u00e9sulte que seul l&rsquo;ing\u00e9nieur industriel\u00a0 peut faire accompagner ses nom et pr\u00e9nom de l&rsquo;abr\u00e9viation \u00ab\u00a0<em>lng.<\/em>\u00ab\u00a0.<\/p>\n<p>Nous conseillons \u00e9galement \u00e0 nos membres de faire suivre leur nom par l\u2019abr\u00e9viation \u00ab\u00a0<em>MSc<\/em>\u00a0\u00bb bien connue dans les pays anglo-saxon, bien que celle-ci ne soit pas prot\u00e9g\u00e9e en Belgique.<\/p>\n<blockquote><p>ex : Ing. Pierre Dupont MSc<\/p><\/blockquote>\n<h1>Correspondance du grade d&rsquo;ing\u00e9nieur industriel\u00a0 et du grade de Master en Sciences de l&rsquo;Ing\u00e9nieur industriel<\/h1>\n<p>Lorsque le d\u00e9cret dit <em>\u00ab\u00a0Bologne\u00a0\u00bb<\/em> du 2 juin 2006 est entr\u00e9 en vigueur, la question de l&rsquo;\u00e9quivalence du dipl\u00f4me d&rsquo;ing\u00e9nieur industriel (4 ans) par rapport au nouveau dipl\u00f4me de Master en sciences de l&rsquo;ing\u00e9nieur industriel (5 ans) s&rsquo;est pos\u00e9e.<\/p>\n<p class=\"LettreTexte\"><span lang=\"FR\">Le 6 juillet 2007, un arr\u00eat\u00e9 du Gouvernement de la Communaut\u00e9 fran\u00e7aise a \u00e9t\u00e9 promulgu\u00e9, fixant la liste des correspondances entre les anciens et les nouveaux grades acad\u00e9miques d\u00e9livr\u00e9s par les \u00e9tablissements d\u2019enseignement sup\u00e9rieur de plein exercice, \u00e0 l\u2019exception de l\u2019universit\u00e9.\u00a0\u00a0<\/span><span lang=\"FR\">Cet arr\u00eat\u00e9 pr\u00e9voit la concordance entre les anciens grades d\u2019ing\u00e9nieur industriel et le grade de Master en sciences de l\u2019ing\u00e9nieur industriel.<\/span><\/p>\n<p>Depuis, il est possible pour tous les porteurs d&rsquo;un dipl\u00f4me d\u2019ing\u00e9nieur industriel de demander une attestation officielle de correspondance \u00e0 l&rsquo;Administration g\u00e9n\u00e9rale de l&rsquo;Enseignement.\u00a0 Celle-ci s&rsquo;est d\u00e9j\u00e0 r\u00e9v\u00e9l\u00e9e utile \u00e0 certain d&rsquo;entre nous pour faire reconna\u00eetre le niveau Master de notre dipl\u00f4me, notamment \u00e0 l&rsquo;\u00e9tranger.<\/p>\n<p>\u00c0 cette fin, nous mettons \u00e0 la disposition de tous nos membres qui en font la demande une lettre-type de demande d&rsquo;attestation officielle.<\/p>\n","protected":false},"excerpt":{"rendered":"<p>Tous les dipl\u00f4m\u00e9s ing\u00e9nieurs industriels b\u00e9n\u00e9ficient du grade acad\u00e9mique de\u00a0master en sciences de l&rsquo;ing\u00e9nieur industriel\u00a0et du titre professionnel d&rsquo;ing\u00e9nieur industriel\u00a0(Ing.). Leur formation s&rsquo;inscrit au niveau 7 du Cadre Francophone des Certifications (CFC), tir\u00e9 du Cadre Europ\u00e9en des Certifications (CEC). Protection &hellip; <a href=\"http:\/\/uilg.be\/blog\/uilg-diplomes-de-lisil-hepl-alumni\/titre-et-grade-dingenieur-industriel\/\">Continuer la lecture <span class=\"meta-nav\">&rarr;<\/span><\/a><\/p>\n","protected":false},"author":1,"featured_media":0,"parent":12,"menu_order":0,"comment_status":"closed","ping_status":"closed","template":"","meta":{"_monsterinsights_skip_tracking":false,"_monsterinsights_sitenote_active":false,"_monsterinsights_sitenote_note":"","_monsterinsights_sitenote_category":0,"footnotes":""},"class_list":["post-1120","page","type-page","status-publish","hentry"],"jetpack_shortlink":"https:\/\/wp.me\/P3rzaT-i4","jetpack_sharing_enabled":true,"_links":{"self":[{"href":"http:\/\/uilg.be\/blog\/wp-json\/wp\/v2\/pages\/1120","targetHints":{"allow":["GET"]}}],"collection":[{"href":"http:\/\/uilg.be\/blog\/wp-json\/wp\/v2\/pages"}],"about":[{"href":"http:\/\/uilg.be\/blog\/wp-json\/wp\/v2\/types\/page"}],"author":[{"embeddable":true,"href":"http:\/\/uilg.be\/blog\/wp-json\/wp\/v2\/users\/1"}],"replies":[{"embeddable":true,"href":"http:\/\/uilg.be\/blog\/wp-json\/wp\/v2\/comments?post=1120"}],"version-history":[{"count":4,"href":"http:\/\/uilg.be\/blog\/wp-json\/wp\/v2\/pages\/1120\/revisions"}],"predecessor-version":[{"id":2099,"href":"http:\/\/uilg.be\/blog\/wp-json\/wp\/v2\/pages\/1120\/revisions\/2099"}],"up":[{"embeddable":true,"href":"http:\/\/uilg.be\/blog\/wp-json\/wp\/v2\/pages\/12"}],"wp:attachment":[{"href":"http:\/\/uilg.be\/blog\/wp-json\/wp\/v2\/media?parent=1120"}],"curies":[{"name":"wp","href":"https:\/\/api.w.org\/{rel}","templated":true}]}}