{"id":38,"date":"2013-03-27T17:10:26","date_gmt":"2013-03-27T16:10:26","guid":{"rendered":"http:\/\/uilg.be\/blog\/?page_id=38"},"modified":"2017-12-26T20:18:51","modified_gmt":"2017-12-26T19:18:51","slug":"cotisation","status":"publish","type":"page","link":"http:\/\/uilg.be\/blog\/membres\/cotisation\/","title":{"rendered":"Cotisation"},"content":{"rendered":"<div>\n<h1 align=\"center\"><strong>Appel<\/strong> \u00e0 cotisations<\/h1>\n<\/div>\n<p>L\u2019<span style=\"color: #ff0000;\">UILg<\/span>\u00a0est une asbl qui a son si\u00e8ge dans le b\u00e2timent de l\u2019Institut au quai Gloesener\u00a06 \u00e0 Li\u00e8ge est l\u2019association des dipl\u00f4m\u00e9s Ing. issus de la HEPL.<\/p>\n<p>Quelles sont ses missions ?<\/p>\n<p>Une seule, mais qui peut \u00eatre d\u00e9clin\u00e9e de nombreuses fa\u00e7ons, dans de nombreux endroits et face \u00e0 des personnes souvent difficiles \u00e0 convaincre.<\/p>\n<p>La d\u00e9fense : du \u00a0<strong>titre<\/strong> <em>Ing\u00e9nieur industriel<\/em>\u00a0et du\u00a0<strong>grade<\/strong> de <em>Master en Sciences de l&rsquo;Ing\u00e9nieur Industriel<\/em><\/p>\n<p>Attach\u00e9 \u00e0 chaque institut o\u00f9 l\u2019on forme des <i>Ing.<\/i>, il existe une association identique \u00e0 la n\u00f4tre.\u00a0 Toutes ces associations sont regroup\u00e9es pour former l\u2019Union f\u00e9d\u00e9rale des Associations d\u2019Ing\u00e9nieurs Industriel de Belgique ; L\u2019UFIIB\u00a0 est un groupe de pression important et tr\u00e8s utile pour d\u00e9fendre nos int\u00e9r\u00eats, c.\u00e0.d. les v\u00f4tres, face \u00e0 la classe politique ou aux employeurs, qu&rsquo;ils soient priv\u00e9s ou publics.<\/p>\n<p>Pour assumer cette mission, nous vous demandons de vous acquitter d\u2019une modeste cotisation<\/p>\n<h2>Montant des cotisations 2018<\/h2>\n<p>La cotisation s\u2019\u00e9l\u00e8ve \u00e0 40,00\u20ac<\/p>\n<p>Une r\u00e9duction s\u2019applique\u00a0:<\/p>\n<ul>\n<li>aux pensionn\u00e9s et demandeurs d\u2019emploi\u00a0: 20,00\u20ac.<\/li>\n<li>aux nouveaux dipl\u00f4m\u00e9s\u00a0:\u00a0 gratuit l\u2019ann\u00e9e d\u2019obtention du dipl\u00f4me (promotion 2017)<\/li>\n<li>10,00\u20ac la 1<sup>\u00e8re<\/sup> ann\u00e9e (promotion 2016)<\/li>\n<li>20,00\u20ac la 2<sup>\u00e8me<\/sup> ann\u00e9e (promotion 2015)<\/li>\n<\/ul>\n<p>Cette cotisation doit \u00eatre vers\u00e9e par virement sur notre compte :<\/p>\n<p align=\"center\">Banque\u00a0: 001-1516577-58\u00a0\u00a0 IBAN\u00a0: BE95 0011 5165 7758\u00a0\u00a0 BIC\u00a0: GEBABEBB<\/p>\n<p><span style=\"color: #000000; font-weight: bold;\">D\u00e9ductibilit\u00e9 sur la d\u00e9claration fiscale (charges r\u00e9elles)<\/span><\/p>\n<p>Pour recevoir une attestation de cotisation de votre association professionnelle (U.I.Lg.), il vous suffit de nous en faire la demande par mail \u00e0 l\u2019adresse <a href=\"mailto:info@uilg.be\">info@uilg.be<\/a> en mentionnant vos coordonn\u00e9es. Vous recevrez en retour l\u2019attestation nominative de votre adh\u00e9sion.<\/p>\n<p><a href=\"https:\/\/i0.wp.com\/uilg.be\/blog\/wp-content\/uploads\/2013\/03\/Virement.jpg\"><img data-recalc-dims=\"1\" loading=\"lazy\" decoding=\"async\" class=\"alignnone size-large wp-image-54\" src=\"https:\/\/i0.wp.com\/uilg.be\/blog\/wp-content\/uploads\/2013\/03\/Virement.jpg?resize=584%2C286\" alt=\"Banque : 001-1516577-58 IBAN : BE95 0011 5165 7758 BIC : GEBABEBB\" width=\"584\" height=\"286\" srcset=\"https:\/\/i0.wp.com\/uilg.be\/blog\/wp-content\/uploads\/2013\/03\/Virement.jpg?resize=1024%2C502 1024w, https:\/\/i0.wp.com\/uilg.be\/blog\/wp-content\/uploads\/2013\/03\/Virement.jpg?resize=300%2C147 300w, https:\/\/i0.wp.com\/uilg.be\/blog\/wp-content\/uploads\/2013\/03\/Virement.jpg?resize=500%2C245 500w, https:\/\/i0.wp.com\/uilg.be\/blog\/wp-content\/uploads\/2013\/03\/Virement.jpg?w=1599 1599w, https:\/\/i0.wp.com\/uilg.be\/blog\/wp-content\/uploads\/2013\/03\/Virement.jpg?w=1168 1168w\" sizes=\"auto, (max-width: 584px) 100vw, 584px\" \/><\/a><\/p>\n","protected":false},"excerpt":{"rendered":"<p>Appel \u00e0 cotisations L\u2019UILg\u00a0est une asbl qui a son si\u00e8ge dans le b\u00e2timent de l\u2019Institut au quai Gloesener\u00a06 \u00e0 Li\u00e8ge est l\u2019association des dipl\u00f4m\u00e9s Ing. issus de la HEPL. Quelles sont ses missions ? Une seule, mais qui peut \u00eatre &hellip; <a href=\"http:\/\/uilg.be\/blog\/membres\/cotisation\/\">Continuer la lecture <span class=\"meta-nav\">&rarr;<\/span><\/a><\/p>\n","protected":false},"author":1,"featured_media":0,"parent":78,"menu_order":0,"comment_status":"closed","ping_status":"closed","template":"sidebar-page.php","meta":{"_monsterinsights_skip_tracking":false,"_monsterinsights_sitenote_active":false,"_monsterinsights_sitenote_note":"","_monsterinsights_sitenote_category":0,"jetpack_post_was_ever_published":false,"footnotes":""},"class_list":["post-38","page","type-page","status-publish","hentry"],"jetpack_shortlink":"https:\/\/wp.me\/P3rzaT-C","jetpack_sharing_enabled":true,"_links":{"self":[{"href":"http:\/\/uilg.be\/blog\/wp-json\/wp\/v2\/pages\/38","targetHints":{"allow":["GET"]}}],"collection":[{"href":"http:\/\/uilg.be\/blog\/wp-json\/wp\/v2\/pages"}],"about":[{"href":"http:\/\/uilg.be\/blog\/wp-json\/wp\/v2\/types\/page"}],"author":[{"embeddable":true,"href":"http:\/\/uilg.be\/blog\/wp-json\/wp\/v2\/users\/1"}],"replies":[{"embeddable":true,"href":"http:\/\/uilg.be\/blog\/wp-json\/wp\/v2\/comments?post=38"}],"version-history":[{"count":15,"href":"http:\/\/uilg.be\/blog\/wp-json\/wp\/v2\/pages\/38\/revisions"}],"predecessor-version":[{"id":1076,"href":"http:\/\/uilg.be\/blog\/wp-json\/wp\/v2\/pages\/38\/revisions\/1076"}],"up":[{"embeddable":true,"href":"http:\/\/uilg.be\/blog\/wp-json\/wp\/v2\/pages\/78"}],"wp:attachment":[{"href":"http:\/\/uilg.be\/blog\/wp-json\/wp\/v2\/media?parent=38"}],"curies":[{"name":"wp","href":"https:\/\/api.w.org\/{rel}","templated":true}]}}