{"id":12,"date":"2013-03-27T11:46:49","date_gmt":"2013-03-27T10:46:49","guid":{"rendered":"http:\/\/uilg.be\/blog\/?page_id=12"},"modified":"2015-03-30T10:30:30","modified_gmt":"2015-03-30T08:30:30","slug":"uilg-diplomes-de-lisil-hepl-alumni","status":"publish","type":"page","link":"https:\/\/uilg.be\/blog\/uilg-diplomes-de-lisil-hepl-alumni\/","title":{"rendered":"UILg &#8211; L&rsquo;Association"},"content":{"rendered":"<h1>Union des Ing\u00e9nieurs industriels Li\u00e9geois ASBL<\/h1>\n<p>L&rsquo;U.I.Lg. est une association d&rsquo;<em>alumni<\/em> et a pour objectif l&rsquo;\u00e9panouissement\u00a0professionnel de ses membres, porteurs d&rsquo;un dipl\u00f4me de Master en sciences de l&rsquo;Ing\u00e9nieur industriel de la Haute \u00c9cole de la Province de Li\u00e8ge (cat\u00e9gorie technique &#8211; ISIL).<br \/>\nElle manifeste la volont\u00e9 permanente d&rsquo;int\u00e9grer harmonieusement ceux-ci\u00a0dans le cadre le plus large de l&rsquo;int\u00e9r\u00eat public, du soutien et\u00a0du d\u00e9veloppement de l&rsquo;\u00e9conomie r\u00e9gionale et nationale.<\/p>\n<p>Pour r\u00e9aliser\u00a0ses objectifs,\u00a0l&rsquo;UILg m\u00e8ne ses\u00a0actions \u00e0\u00a0divers niveaux :<\/p>\n<h2>Local :<\/h2>\n<p>Le Conseil d&rsquo;Administration de l&rsquo;U.I.Lg. organise\u00a0et g\u00e8re l&rsquo;Association :<br \/>\n&#8211; R\u00e9union mensuelle du C.A. ;<br \/>\n&#8211; Organisation de l&rsquo;Assembl\u00e9e G\u00e9n\u00e9rale Annuelle ;<br \/>\n&#8211; Publication du bulletin d&rsquo;information Connect&rsquo;Ing.<\/p>\n<p>L&rsquo;U.I.Lg. est pr\u00e9sente et active dans les murs de la\u00a0H.E.P.L. et particuli\u00e8rement proche de l&rsquo;I.S.I.L.,\u00a0des \u00e9tudiants et de son centre de recherche.<\/p>\n<h2>National :<\/h2>\n<p>L&rsquo;U.I.Lg. participe avec son d\u00e9l\u00e9gu\u00e9 et un suppl\u00e9ant\u00a0\u00e0 l&rsquo;Union F\u00e9d\u00e9rale des Associations d&rsquo;Ing\u00e9nieurs\u00a0Industriels de Belgique (U.F.I.I.B.).<br \/>\nCette F\u00e9d\u00e9ration regroupe toutes les Associations\u00a0francophones d&rsquo;Ing\u00e9nieurs Industriels \u2013 Ing. MSc Master\u00a0en Sciences\u00a0de l\u2019ing\u00e9nieur\u00a0industriel.<\/p>\n<h2>International\u00a0:<\/h2>\n<p>L&rsquo;U.F.I.I.B. repr\u00e9sente et d\u00e9fend les int\u00e9r\u00eats des\u00a0ing\u00e9nieurs industriels belges au sein de la FEANI.\u00a0(F\u00e9d\u00e9ration Europ\u00e9enne des Associations\u00a0Nationales d&rsquo;Ing\u00e9nieurs).<\/p>\n<p><img data-recalc-dims=\"1\" loading=\"lazy\" decoding=\"async\" class=\"alignnone size-large wp-image-299\" src=\"https:\/\/i0.wp.com\/uilg.be\/blog\/wp-content\/uploads\/2013\/05\/50x70_UILg_08DEBORD_CADRE-v3.jpg?resize=584%2C818\" alt=\"50x70_UILg_08DEBORD_CADRE v3\" width=\"584\" height=\"818\" srcset=\"https:\/\/i0.wp.com\/uilg.be\/blog\/wp-content\/uploads\/2013\/05\/50x70_UILg_08DEBORD_CADRE-v3.jpg?resize=731%2C1024&amp;ssl=1 731w, https:\/\/i0.wp.com\/uilg.be\/blog\/wp-content\/uploads\/2013\/05\/50x70_UILg_08DEBORD_CADRE-v3.jpg?resize=214%2C300&amp;ssl=1 214w, https:\/\/i0.wp.com\/uilg.be\/blog\/wp-content\/uploads\/2013\/05\/50x70_UILg_08DEBORD_CADRE-v3.jpg?w=1417&amp;ssl=1 1417w, https:\/\/i0.wp.com\/uilg.be\/blog\/wp-content\/uploads\/2013\/05\/50x70_UILg_08DEBORD_CADRE-v3.jpg?w=1168 1168w\" sizes=\"auto, (max-width: 584px) 100vw, 584px\" \/><\/p>\n","protected":false},"excerpt":{"rendered":"<p>Union des Ing\u00e9nieurs industriels Li\u00e9geois ASBL L&rsquo;U.I.Lg. est une association d&rsquo;alumni et a pour objectif l&rsquo;\u00e9panouissement\u00a0professionnel de ses membres, porteurs d&rsquo;un dipl\u00f4me de Master en sciences de l&rsquo;Ing\u00e9nieur industriel de la Haute \u00c9cole de la Province de Li\u00e8ge (cat\u00e9gorie technique &hellip; <a href=\"https:\/\/uilg.be\/blog\/uilg-diplomes-de-lisil-hepl-alumni\/\">Continuer la lecture <span class=\"meta-nav\">&rarr;<\/span><\/a><\/p>\n","protected":false},"author":1,"featured_media":0,"parent":0,"menu_order":0,"comment_status":"closed","ping_status":"closed","template":"sidebar-page.php","meta":{"_monsterinsights_skip_tracking":false,"_monsterinsights_sitenote_active":false,"_monsterinsights_sitenote_note":"","_monsterinsights_sitenote_category":0,"jetpack_post_was_ever_published":false,"footnotes":""},"class_list":["post-12","page","type-page","status-publish","hentry"],"jetpack_shortlink":"https:\/\/wp.me\/P3rzaT-c","jetpack_sharing_enabled":true,"_links":{"self":[{"href":"https:\/\/uilg.be\/blog\/wp-json\/wp\/v2\/pages\/12","targetHints":{"allow":["GET"]}}],"collection":[{"href":"https:\/\/uilg.be\/blog\/wp-json\/wp\/v2\/pages"}],"about":[{"href":"https:\/\/uilg.be\/blog\/wp-json\/wp\/v2\/types\/page"}],"author":[{"embeddable":true,"href":"https:\/\/uilg.be\/blog\/wp-json\/wp\/v2\/users\/1"}],"replies":[{"embeddable":true,"href":"https:\/\/uilg.be\/blog\/wp-json\/wp\/v2\/comments?post=12"}],"version-history":[{"count":17,"href":"https:\/\/uilg.be\/blog\/wp-json\/wp\/v2\/pages\/12\/revisions"}],"predecessor-version":[{"id":638,"href":"https:\/\/uilg.be\/blog\/wp-json\/wp\/v2\/pages\/12\/revisions\/638"}],"wp:attachment":[{"href":"https:\/\/uilg.be\/blog\/wp-json\/wp\/v2\/media?parent=12"}],"curies":[{"name":"wp","href":"https:\/\/api.w.org\/{rel}","templated":true}]}}