{"id":2101,"date":"2021-03-14T09:53:12","date_gmt":"2021-03-14T08:53:12","guid":{"rendered":"http:\/\/uilg.be\/blog\/?page_id=2101"},"modified":"2021-03-14T09:53:13","modified_gmt":"2021-03-14T08:53:13","slug":"attestation-de-correspondance","status":"publish","type":"page","link":"https:\/\/uilg.be\/blog\/membres\/attestation-de-correspondance\/","title":{"rendered":"Attestation de correspondance"},"content":{"rendered":"\n<h1 class=\"wp-block-heading\">Correspondance du grade d&rsquo;ing\u00e9nieur industriel&nbsp; et du grade de Master en Sciences de l&rsquo;Ing\u00e9nieur industriel<\/h1>\n\n\n\n<p>Lorsque le d\u00e9cret dit <em>\u00ab\u00a0Bologne\u00a0\u00bb<\/em> du 2 juin 2006 est entr\u00e9 en vigueur, la question de l&rsquo;\u00e9quivalence du dipl\u00f4me d&rsquo;ing\u00e9nieur industriel (4 ans) par rapport au nouveau dipl\u00f4me de Master en sciences de l&rsquo;ing\u00e9nieur industriel (5 ans) s&rsquo;est pos\u00e9e.<\/p>\n\n\n\n<p>Le 6 juillet 2007, un arr\u00eat\u00e9 du Gouvernement de la Communaut\u00e9 fran\u00e7aise a \u00e9t\u00e9 promulgu\u00e9, fixant la liste des correspondances entre les anciens et les nouveaux grades acad\u00e9miques d\u00e9livr\u00e9s par les \u00e9tablissements d\u2019enseignement sup\u00e9rieur de plein exercice, \u00e0 l\u2019exception de l\u2019universit\u00e9.&nbsp;&nbsp;Cet arr\u00eat\u00e9 pr\u00e9voit la concordance entre les anciens grades d\u2019ing\u00e9nieur industriel et le grade de Master en sciences de l\u2019ing\u00e9nieur industriel.<\/p>\n\n\n\n<p>Depuis, il est possible pour tous les porteurs d&rsquo;un dipl\u00f4me d\u2019ing\u00e9nieur industriel de demander une attestation officielle de correspondance \u00e0 l&rsquo;Administration g\u00e9n\u00e9rale de l&rsquo;Enseignement.&nbsp; Celle-ci s&rsquo;est d\u00e9j\u00e0 r\u00e9v\u00e9l\u00e9e utile \u00e0 certain d&rsquo;entre nous pour faire reconna\u00eetre le niveau Master de notre dipl\u00f4me, notamment \u00e0 l&rsquo;\u00e9tranger.<\/p>\n\n\n\n<p>\u00c0 cette fin, nous mettons \u00e0 la disposition de tous nos membres qui en font la demande une lettre-type de demande d&rsquo;attestation officielle.<\/p>\n","protected":false},"excerpt":{"rendered":"<p>Correspondance du grade d&rsquo;ing\u00e9nieur industriel&nbsp; et du grade de Master en Sciences de l&rsquo;Ing\u00e9nieur industriel Lorsque le d\u00e9cret dit \u00ab\u00a0Bologne\u00a0\u00bb du 2 juin 2006 est entr\u00e9 en vigueur, la question de l&rsquo;\u00e9quivalence du dipl\u00f4me d&rsquo;ing\u00e9nieur industriel (4 ans) par rapport &hellip; <a href=\"https:\/\/uilg.be\/blog\/membres\/attestation-de-correspondance\/\">Continuer la lecture <span class=\"meta-nav\">&rarr;<\/span><\/a><\/p>\n","protected":false},"author":1,"featured_media":0,"parent":78,"menu_order":0,"comment_status":"closed","ping_status":"closed","template":"","meta":{"_monsterinsights_skip_tracking":false,"_monsterinsights_sitenote_active":false,"_monsterinsights_sitenote_note":"","_monsterinsights_sitenote_category":0,"jetpack_post_was_ever_published":false,"footnotes":""},"class_list":["post-2101","page","type-page","status-publish","hentry"],"jetpack_shortlink":"https:\/\/wp.me\/P3rzaT-xT","jetpack_sharing_enabled":true,"_links":{"self":[{"href":"https:\/\/uilg.be\/blog\/wp-json\/wp\/v2\/pages\/2101","targetHints":{"allow":["GET"]}}],"collection":[{"href":"https:\/\/uilg.be\/blog\/wp-json\/wp\/v2\/pages"}],"about":[{"href":"https:\/\/uilg.be\/blog\/wp-json\/wp\/v2\/types\/page"}],"author":[{"embeddable":true,"href":"https:\/\/uilg.be\/blog\/wp-json\/wp\/v2\/users\/1"}],"replies":[{"embeddable":true,"href":"https:\/\/uilg.be\/blog\/wp-json\/wp\/v2\/comments?post=2101"}],"version-history":[{"count":1,"href":"https:\/\/uilg.be\/blog\/wp-json\/wp\/v2\/pages\/2101\/revisions"}],"predecessor-version":[{"id":2102,"href":"https:\/\/uilg.be\/blog\/wp-json\/wp\/v2\/pages\/2101\/revisions\/2102"}],"up":[{"embeddable":true,"href":"https:\/\/uilg.be\/blog\/wp-json\/wp\/v2\/pages\/78"}],"wp:attachment":[{"href":"https:\/\/uilg.be\/blog\/wp-json\/wp\/v2\/media?parent=2101"}],"curies":[{"name":"wp","href":"https:\/\/api.w.org\/{rel}","templated":true}]}}