{"id":2103,"date":"2021-03-14T09:55:12","date_gmt":"2021-03-14T08:55:12","guid":{"rendered":"http:\/\/uilg.be\/blog\/?page_id=2103"},"modified":"2021-03-14T09:55:13","modified_gmt":"2021-03-14T08:55:13","slug":"signer-ses-propres-plans","status":"publish","type":"page","link":"https:\/\/uilg.be\/blog\/membres\/signer-ses-propres-plans\/","title":{"rendered":"Signer ses propres plans"},"content":{"rendered":"\n<p>Votre titre d&rsquo;Ing\u00e9nieur industriel vous donne la possibilit\u00e9 d\u2019introduire une demande de d\u00e9rogation afin de pouvoir signer les plans de votre propre habitation a la place d&rsquo;un architecte. (II ne s&rsquo;agit donc pas d&rsquo;en faire un commerce certes lucratif !!)<\/p>\n\n\n\n<p>La demande de d\u00e9rogation doit \u00eatre motiv\u00e9e et accompagn\u00e9e d&rsquo;un certain nombre de documents, tous non obligatoires mais tr\u00e8s utiles afin de meure une maximum d\u2019atouts de votre c\u00f4t\u00e9.<\/p>\n\n\n\n<p>Il faut savoir que le gouverneur de la province o\u00f9 vous souhaitez construire (ou r\u00e9nover) est seul \u00e0 \u00e9mettre un avis, il est donc important de remettre un dossier complet, soign\u00e9 &#8230; bref professionnel&nbsp;!<\/p>\n\n\n\n<p>La lettre de demande doit \u00eatre adress\u00e9e au Coll\u00e8ge \u00e9chevinal de la commune concern\u00e9e.<\/p>\n\n\n\n<p>Nous disposons d\u2019une lettre-type qui a fait ses preuves mais vous comprendrez certainement que nous r\u00e9servons celle-ci \u00e0 nos membres en ordre de cotisation.<\/p>\n","protected":false},"excerpt":{"rendered":"<p>Votre titre d&rsquo;Ing\u00e9nieur industriel vous donne la possibilit\u00e9 d\u2019introduire une demande de d\u00e9rogation afin de pouvoir signer les plans de votre propre habitation a la place d&rsquo;un architecte. (II ne s&rsquo;agit donc pas d&rsquo;en faire un commerce certes lucratif !!) &hellip; <a href=\"https:\/\/uilg.be\/blog\/membres\/signer-ses-propres-plans\/\">Continuer la lecture <span class=\"meta-nav\">&rarr;<\/span><\/a><\/p>\n","protected":false},"author":1,"featured_media":0,"parent":78,"menu_order":0,"comment_status":"closed","ping_status":"closed","template":"","meta":{"_monsterinsights_skip_tracking":false,"_monsterinsights_sitenote_active":false,"_monsterinsights_sitenote_note":"","_monsterinsights_sitenote_category":0,"jetpack_post_was_ever_published":false,"footnotes":""},"class_list":["post-2103","page","type-page","status-publish","hentry"],"jetpack_shortlink":"https:\/\/wp.me\/P3rzaT-xV","jetpack_sharing_enabled":true,"_links":{"self":[{"href":"https:\/\/uilg.be\/blog\/wp-json\/wp\/v2\/pages\/2103","targetHints":{"allow":["GET"]}}],"collection":[{"href":"https:\/\/uilg.be\/blog\/wp-json\/wp\/v2\/pages"}],"about":[{"href":"https:\/\/uilg.be\/blog\/wp-json\/wp\/v2\/types\/page"}],"author":[{"embeddable":true,"href":"https:\/\/uilg.be\/blog\/wp-json\/wp\/v2\/users\/1"}],"replies":[{"embeddable":true,"href":"https:\/\/uilg.be\/blog\/wp-json\/wp\/v2\/comments?post=2103"}],"version-history":[{"count":1,"href":"https:\/\/uilg.be\/blog\/wp-json\/wp\/v2\/pages\/2103\/revisions"}],"predecessor-version":[{"id":2104,"href":"https:\/\/uilg.be\/blog\/wp-json\/wp\/v2\/pages\/2103\/revisions\/2104"}],"up":[{"embeddable":true,"href":"https:\/\/uilg.be\/blog\/wp-json\/wp\/v2\/pages\/78"}],"wp:attachment":[{"href":"https:\/\/uilg.be\/blog\/wp-json\/wp\/v2\/media?parent=2103"}],"curies":[{"name":"wp","href":"https:\/\/api.w.org\/{rel}","templated":true}]}}