{"id":24,"date":"2013-03-27T11:52:02","date_gmt":"2013-03-27T10:52:02","guid":{"rendered":"http:\/\/uilg.be\/blog\/?page_id=24"},"modified":"2015-03-26T09:36:54","modified_gmt":"2015-03-26T08:36:54","slug":"contact","status":"publish","type":"page","link":"https:\/\/uilg.be\/blog\/contact\/","title":{"rendered":"Contact"},"content":{"rendered":"<p>LE SECRETARIAT est situ\u00e9 :<\/p>\n<p>Haute Ecole de la Province de Li\u00e8ge<br \/>\nInstitut Sup\u00e9rieur Industriel de Li\u00e8ge (ISIL)<br \/>\nUnion des Ing\u00e9nieurs Industriels Li\u00e9geois (U.I.Lg.) A.S.B.L.<\/p>\n<p>Quai Gloesener, 6<br \/>\n4020 LI\u00c8GE<br \/>\nT\u00e9l.: 04\/344.63.46<br \/>\n<a href=\"mailto:info@uilg.be\">info@uilg.be<\/a><\/p>\n<p><a href=\"http:\/\/uilg.be\/blog\/membres\/donnees-personnelles\/\">Cliquez-ici si vous d\u00e9sirez nous envoyer une\u00a0<b>mise \u00e0 jour de vos donn\u00e9es personnelles<\/b><\/a><\/p>\n<p>Banque : 001-1516577-58 &#8211; IBAN : BE95 0011 5165 7758 &#8211; BIC : GEBABEBB<\/p>\n<p>N\u00b0 d&rsquo;entreprise : 410 657 220<\/p>\n<h2><\/h2>\n","protected":false},"excerpt":{"rendered":"<p>LE SECRETARIAT est situ\u00e9 : Haute Ecole de la Province de Li\u00e8ge Institut Sup\u00e9rieur Industriel de Li\u00e8ge (ISIL) Union des Ing\u00e9nieurs Industriels Li\u00e9geois (U.I.Lg.) A.S.B.L. Quai Gloesener, 6 4020 LI\u00c8GE T\u00e9l.: 04\/344.63.46 info@uilg.be Cliquez-ici si vous d\u00e9sirez nous envoyer une\u00a0mise &hellip; <a href=\"https:\/\/uilg.be\/blog\/contact\/\">Continuer la lecture <span class=\"meta-nav\">&rarr;<\/span><\/a><\/p>\n","protected":false},"author":1,"featured_media":0,"parent":0,"menu_order":10,"comment_status":"closed","ping_status":"closed","template":"sidebar-page.php","meta":{"_monsterinsights_skip_tracking":false,"_monsterinsights_sitenote_active":false,"_monsterinsights_sitenote_note":"","_monsterinsights_sitenote_category":0,"jetpack_post_was_ever_published":false,"footnotes":""},"class_list":["post-24","page","type-page","status-publish","hentry"],"jetpack_shortlink":"https:\/\/wp.me\/P3rzaT-o","jetpack_sharing_enabled":true,"_links":{"self":[{"href":"https:\/\/uilg.be\/blog\/wp-json\/wp\/v2\/pages\/24","targetHints":{"allow":["GET"]}}],"collection":[{"href":"https:\/\/uilg.be\/blog\/wp-json\/wp\/v2\/pages"}],"about":[{"href":"https:\/\/uilg.be\/blog\/wp-json\/wp\/v2\/types\/page"}],"author":[{"embeddable":true,"href":"https:\/\/uilg.be\/blog\/wp-json\/wp\/v2\/users\/1"}],"replies":[{"embeddable":true,"href":"https:\/\/uilg.be\/blog\/wp-json\/wp\/v2\/comments?post=24"}],"version-history":[{"count":8,"href":"https:\/\/uilg.be\/blog\/wp-json\/wp\/v2\/pages\/24\/revisions"}],"predecessor-version":[{"id":613,"href":"https:\/\/uilg.be\/blog\/wp-json\/wp\/v2\/pages\/24\/revisions\/613"}],"wp:attachment":[{"href":"https:\/\/uilg.be\/blog\/wp-json\/wp\/v2\/media?parent=24"}],"curies":[{"name":"wp","href":"https:\/\/api.w.org\/{rel}","templated":true}]}}