{"id":27,"date":"2013-03-27T15:00:14","date_gmt":"2013-03-27T14:00:14","guid":{"rendered":"http:\/\/uilg.be\/blog\/?page_id=27"},"modified":"2015-03-26T11:32:39","modified_gmt":"2015-03-26T10:32:39","slug":"avantages-membres","status":"publish","type":"page","link":"https:\/\/uilg.be\/blog\/membres\/avantages-membres\/","title":{"rendered":"Avantages membres"},"content":{"rendered":"<h1>Avantages UILg<\/h1>\n<ul>\n<li>\n<h2><a title=\"Service Emploi\" href=\"http:\/\/uilg.be\/blog\/service-emploi-2\/\"><span style=\"line-height: 15px;\">Service Emploi<\/span><\/a><\/h2>\n<\/li>\n<li>Demande de reconnaissance <a href=\"http:\/\/www.feani.org\/site\/index.php?id=261\">EUR-ING<\/a>\u00a0\u00e0 la FEANI<\/li>\n<\/ul>\n<h1>Avantages UFIIB<\/h1>\n<p>En \u00e9tant membre de l&rsquo;UILg, vous \u00eates automatiquement membre de l&rsquo;UFIIB et b\u00e9n\u00e9ficiez donc des avantages que l&rsquo;UFIIB a n\u00e9goci\u00e9 pour vous :<\/p>\n<ul>\n<li>\n<h2><a title=\"Avantage carburant chez DATS\" href=\"http:\/\/uilg.be\/blog\/avantage-carburant-chez-dats\/\">DATS24<\/a><\/h2>\n<\/li>\n<\/ul>\n<p style=\"padding-left: 30px;\">En payant avec la carte DATS 24, les membres de l\u2019UFIIB profitent, lors de chaque\u00a0passage \u00e0 la pompe, d\u2019une r\u00e9duction de 1,30\u00a0 cents par litre sur le prix \u00e0 la pompe.<\/p>\n<ul>\n<li>\n<h2><a title=\"Bourse du vin : Nouvel avantage UFIIB\" href=\"http:\/\/uilg.be\/blog\/bourse-du-vin-nouvel-avantage-ufiib\/\">Bourse du vin<\/a><\/h2>\n<\/li>\n<\/ul>\n<p style=\"padding-left: 30px;\">Une r\u00e9duction de 25\u20ac pour toute commande de minimum 50 \u20ac<\/p>\n<ul>\n<li>\n<h2><a title=\"Avantage Lampiris\" href=\"http:\/\/uilg.be\/blog\/avantage-lampiris\/\">Lampiris<\/a><\/h2>\n<\/li>\n<\/ul>\n<p style=\"padding-left: 30px;\">Une r\u00e9duction de 15\u20ac (TVAC) sur les frais d\u2019abonnement annuels pour l\u2019\u00e9lectricit\u00e9 verte et\/ou le gaz Lampiris et r\u00e9duction de 2.5% sur le tarif pour l\u2019\u00e9lectricit\u00e9 et\/ou le gaz (partie \u00e9nergie exclusivement)<\/p>\n<ul>\n<li>\n<h2><a title=\"Avantage chez Hertz \u2013 Location de voiture\" href=\"http:\/\/uilg.be\/blog\/avantage-chez-hertz-location-de-voiture\/\">Hertz<\/a><\/h2>\n<\/li>\n<\/ul>\n<p style=\"padding-left: 30px;\">En mentionnant le num\u00e9ro CDP de l&rsquo;UFIIB \u00e0 la r\u00e9servation, vous b\u00e9n\u00e9ficierez d&rsquo;une r\u00e9duction sur le tarif de location de voitures.<\/p>\n<ul>\n<li>\n<h2><a title=\"Offre Mobistar pour les membres UFIIB\" href=\"http:\/\/uilg.be\/blog\/offre-mobistar-pour-les-membres-ufiib\/\">Mobistar<\/a><\/h2>\n<\/li>\n<\/ul>\n<p style=\"padding-left: 30px;\">Des r\u00e9ductions sur les abonnements Business, mais aussi pour vos abonnement personnels.<\/p>\n<ul>\n<li>\n<h2><a title=\"Avantage sur les abonnements Le Soir\" href=\"http:\/\/uilg.be\/blog\/avantage-sur-les-abonnements-le-soir\/\">Le Soir<\/a><\/h2>\n<\/li>\n<\/ul>\n<p style=\"padding-left: 30px;\">Une\u00a0r\u00e9duction sur les abonnements d\u00e9couvertes.<\/p>\n","protected":false},"excerpt":{"rendered":"<p>Avantages UILg Service Emploi Demande de reconnaissance EUR-ING\u00a0\u00e0 la FEANI Avantages UFIIB En \u00e9tant membre de l&rsquo;UILg, vous \u00eates automatiquement membre de l&rsquo;UFIIB et b\u00e9n\u00e9ficiez donc des avantages que l&rsquo;UFIIB a n\u00e9goci\u00e9 pour vous : DATS24 En payant avec la &hellip; <a href=\"https:\/\/uilg.be\/blog\/membres\/avantages-membres\/\">Continuer la lecture <span class=\"meta-nav\">&rarr;<\/span><\/a><\/p>\n","protected":false},"author":1,"featured_media":0,"parent":78,"menu_order":0,"comment_status":"closed","ping_status":"closed","template":"sidebar-page.php","meta":{"_monsterinsights_skip_tracking":false,"_monsterinsights_sitenote_active":false,"_monsterinsights_sitenote_note":"","_monsterinsights_sitenote_category":0,"jetpack_post_was_ever_published":false,"footnotes":""},"class_list":["post-27","page","type-page","status-publish","hentry"],"jetpack_shortlink":"https:\/\/wp.me\/P3rzaT-r","jetpack_sharing_enabled":true,"_links":{"self":[{"href":"https:\/\/uilg.be\/blog\/wp-json\/wp\/v2\/pages\/27","targetHints":{"allow":["GET"]}}],"collection":[{"href":"https:\/\/uilg.be\/blog\/wp-json\/wp\/v2\/pages"}],"about":[{"href":"https:\/\/uilg.be\/blog\/wp-json\/wp\/v2\/types\/page"}],"author":[{"embeddable":true,"href":"https:\/\/uilg.be\/blog\/wp-json\/wp\/v2\/users\/1"}],"replies":[{"embeddable":true,"href":"https:\/\/uilg.be\/blog\/wp-json\/wp\/v2\/comments?post=27"}],"version-history":[{"count":15,"href":"https:\/\/uilg.be\/blog\/wp-json\/wp\/v2\/pages\/27\/revisions"}],"predecessor-version":[{"id":446,"href":"https:\/\/uilg.be\/blog\/wp-json\/wp\/v2\/pages\/27\/revisions\/446"}],"up":[{"embeddable":true,"href":"https:\/\/uilg.be\/blog\/wp-json\/wp\/v2\/pages\/78"}],"wp:attachment":[{"href":"https:\/\/uilg.be\/blog\/wp-json\/wp\/v2\/media?parent=27"}],"curies":[{"name":"wp","href":"https:\/\/api.w.org\/{rel}","templated":true}]}}